{"id":346,"date":"2015-07-30T19:56:37","date_gmt":"2015-07-30T17:56:37","guid":{"rendered":"http:\/\/uhma.h--a.org\/?page_id=346"},"modified":"2025-06-23T17:53:30","modified_gmt":"2025-06-23T15:53:30","slug":"lectures","status":"publish","type":"page","link":"https:\/\/h--a.org\/en\/lectures\/","title":{"rendered":"Lectures"},"content":{"rendered":"[vc_row][vc_column][vc_column_text]\n<p>2025<br \/>\n&#8220;Parrot Terristories&#8221;<br \/>\nLectures Series &#8220;relatifs&#8221;,<br \/>\nInvited by Julia Grillmayer<br \/>\nKunstuniversit\u00e4t Linz<\/p>\n<p>2024<br \/>\nArtist Talk<br \/>\nParrot People, A Multispecies Story<br \/>\nGoethe-Institut Glasgow<\/p>\n<p>Artist Talk<br \/>\nAkademie der K\u00fcnste der Welt, Cologne<br \/>\nIm Rahmen der Ausstellung<br \/>\nMEMORY IS NOT ONLY THE PAST<\/p>\n<p>2023<br \/>\n&#8220;Parrot People&#8221; with Vanessa Wijngaarden<br \/>\nMultispecies Ethnography and Artistic Methods<br \/>\nMEAM Conference, University of Li\u00e8ge<\/p>\n<p>&#8220;Parrot People&#8221; with Vanessa Wijngaarden<br \/>\nNarrating Multispecies Worlds.<br \/>\nStories in Times of Crises, Loss, Hope.<br \/>\nEuropean Ethnography,<br \/>\nUniversity of W\u00fcrzburg<\/p>\n<p>&#8220;A Bird in the House&#8221;<br \/>\nWorkshop im Kontext der Reihe<br \/>\n&#8220;Provisorische Gesellschaft&#8221;<br \/>\nvon Hoffman &amp; Lindholm<br \/>\nKunsthalle Bochum<\/p>\n<p>2022<br \/>\nArtist Talk in &#8220;Por\u00f6se K\u00f6rper&#8221; invited by<br \/>\nProf. Annette Weisser and Prof. Lena Ziese<br \/>\nKunsthochschule Kassel<\/p>\n<p>&#8220;Parrot People, a multispecies ethnography&#8221;<br \/>\nASAA 4th Biennal Conference, African Studies Association of Africa,<br \/>\nUniversity of Cape Town<\/p>\n<p>Artist Talk in &#8220;Writing in Ecosystems&#8221;,<br \/>\ninterdisciplinary workshop on interspecies communication<br \/>\nNetzwerk M\u00fcnchner Theatertexterinnen<br \/>\nMonacensia, M\u00fcnchen<\/p>\n<p>&#8220;Wings, Hands, Keyboards &#8211; Modes of Existence&#8221;.<br \/>\nMenagerie of Virtual Animals, Symposium, Ruhr-University Bochum<br \/>\nInterspecies Collaboration, On the Multispecies Turn<br \/>\nin the Media Sciences<\/p>\n<p>&#8220;Sites of Speculation of Meaning&#8221;<br \/>\nConference &#8220;Nonhuman creativity and curating beyond the human&#8221;<br \/>\nInvited by Prof. Jessica Ullrich<br \/>\nKunstakademie M\u00fcnster<\/p>\n<p>&#8220;Dollhouse for Dinosaurs. Break-ins into the Living&#8221;.<br \/>\nSalon Tier &#8211; presented by Silke F\u00f6rschler, Christiane Keim and<br \/>\nAstrid Silvia Sch\u00f6nhagen as part of the project c\/o HABITAT TIER<br \/>\nMariann Steegmann Institut Art and Gender, University of Bremen<\/p>\n<p>2021<br \/>\n&#8220;Living and Working in an Interspecies Collective&#8221;,<br \/>\nTogetherness Conference, TAK Theater Berlin<\/p>\n<p>&#8220;Multispecies Ethnographies&#8221; Lecture and Workshop,<br \/>\nSummer School \u00bbSainte R\u00e9alit\u00e9\u00ab Senses, Science and Sessions,<br \/>\nBen J. Riepe Team, D\u00fcsseldorf<\/p>\n<p>&#8220;Tales of a Modern Parrot&#8221;, AnthroZo\u00f6s &#8211; Culture, Power &amp; Empathy,<br \/>\nIcelandic University of the Arts, invited by Prof. Brynd\u00eds Sn\u00e6bj\u00f6rnsd\u00f3ttir<br \/>\n&amp; Prof. Mark Wilson<\/p>\n<p>2020<br \/>\n&#8220;Tales of a Modern Parrot&#8221;, The Animal Gaze Constructed \u2013<br \/>\nArt, Architecture and Human-Animal Studies Conference,<br \/>\nThe Sir John Cass School of Art, Architecture and Design,<br \/>\nLondon Metropolitan University<\/p>\n<p>&#8220;Interspecies Collaboration&#8221;, Art and Ecology,<br \/>\nMuthesius Kunsthochschule Kiel,<br \/>\ninvited by Prof. Antje Majewski<\/p>\n<p>&#8220;Visiting Octopus&#8221;, Other Worlds,<br \/>\nOctopuses in Interdisciplinary Perspectives Conference,<br \/>\nUniversity of Kassel (Human Animal Studies) and GLASMOOG KHM<\/p>\n<p>&#8220;Anti-speciesism and veganism in social and<br \/>\nand artistic contexts.&#8221; Talk and discussion with J\u00e9r\u00f4me Segal,<br \/>\nDEPOT, space for art and discussion,<br \/>\nVienna<\/p>\n<p>&#8220;Visiting Octopus&#8221;, Multispecies Heritage Conference,<br \/>\nCentre for Human Animal Studies,<br \/>\nEdge Hill University, UK<\/p>\n<p>2019<br \/>\n&#8220;Okto-lab: Exploring Octopus Worlds&#8221;, University of Kassel,<br \/>\nSchwerpunkt Human-Animal Studies<\/p>\n<p>&#8220;Tales of a Modern Parrot, living entangled lives&#8221;<br \/>\nH\u00f6rner\/Antlfinger + CMUK at the Multispecies Storytelling<br \/>\nin Intermedial Practices Conference, Linnaeus University, V\u00e4xj\u00f6, Sweden<br \/>\norganized in collaboration with the Laboratory of Aesthetics and Ecology,<br \/>\nCopenhagen\/Berlin.<\/p>\n<p>2018<br \/>\n&#8220;Animal Lovers: artistic positions on the<br \/>\ncurrent debate of human-animal relations&#8221;<br \/>\nUte H\u00f6rner and Anne H\u00f6lck at the<br \/>\nMinding Animals International Conference MAC4,<br \/>\nCiudad de M\u00e9xico, National Autonomous University<br \/>\nof Mexico<\/p>\n<p>&#8220;Who decides when the work of art<br \/>\nis completed? A report from the studio<br \/>\nof the parrot-human collective CMUK&#8221;.<br \/>\nH\u00f6rner\/Antlfinger as guests in the lecture series of the<br \/>\nof the Working Group Animal-Human Relations at the<br \/>\nMesserli Research Institute<br \/>\nof the University of Vienna<\/p>\n<p>&#8220;Becoming With, The Interspecies Collective CMUK&#8221;<br \/>\n(Un)Common Worlds, Human-Animal Studies Conference<br \/>\nTurku University, Finnland<\/p>\n<p>2017<br \/>\n&#8220;From ABOUT to WITH. Becoming Collective&#8221;<br \/>\nArtist Talk, H\u00f6rner\/Antlfinger at the<br \/>\nFinnish Academy of Fine Arts, Helsinki<br \/>\ninvited by Prof. Caspar Stracke<\/p>\n<p>&#8220;Videobox 4.4: Von Robotern und Tieren&#8221;<br \/>\nArtist talk and screening H\u00f6rner\/Antlfinger<br \/>\ncurated by Dr. Gerd M\u00f6rsch<br \/>\nHaus der Universit\u00e4t<br \/>\nimai (inter media art institute), D\u00fcsseldorf<\/p>\n<p>2016<br \/>\n&#8220;Lunch in a cross-species household&#8221;<br \/>\nH\u00f6rner\/Antlfinger in dialogue with Anne H\u00f6lck (Berlin)<br \/>\nConference: Pet animal, stagig practices in animal\/human<br \/>\nliving conditions, University Kassel<\/p>\n<p>&#8220;From ABOUT to WITH. Becoming Collective&#8221;<br \/>\nMinding Animals Conference, Erlangen<\/p>\n<p>&#8220;Past Presents Futures, Time Travel Experiments&#8221;<br \/>\ninterfiction XXIII\/2016 [Time Machines]\nInterdisciplinary Workshop-Symposium<br \/>\nKassel Documentary Film and Video Festival<\/p>\n<p>2015<br \/>\n&#8220;On Images and Thoughts&#8221;, Artist Talk,<br \/>\nH\u00f6rner\/Antlfinger, Academy of Fine Arts, Sarajevo<\/p>\n<p>2014<br \/>\n&#8220;Discrete Farms&#8221;, By Design or Desaster, invited<br \/>\nby Prof. Kris Krois, Free University Bozen<\/p>\n<p>2013<br \/>\n&#8220;Walking in Space&#8221;, Next Level Conference, Dortmund<\/p>\n<p>2012<br \/>\n&#8220;Feasability Phantasies&#8221;, Die Gegenwart des Ephemeren,<br \/>\nSymposion der Stiftung IMAI, D\u00fcsseldorf<\/p>\n<p>&#8220;Uncanny Valley&#8221;, K\u00fcnstlerverein Onomato, D\u00fcsseldorf<br \/>\nWhen do I see photons? Hexagram, Concordia University, Montreal<\/p>\n<p>2011<br \/>\nArtist Talk, Digital Art Center, Taipei<\/p>\n<p>Artist Talk, National Taiwan Museum of Fine Arts, Taichung<\/p>\n<p>\u201cWhite Spots and Black Boxes\u201d, Term Start Lecture, KHM, Cologne<\/p>\n<p>2010<br \/>\nArtist Talk, H\u00f6rner\/Antlfinger imai \u2013 Art Cologne<\/p>\n<p>2009<br \/>\n\u201cImaginary Cities \/ Imaginary Institutions\u201d<br \/>\nLecture at the Bauhaus University Weimar im<br \/>\nKontext der Reihe \u201cMental Radio\u201d von Prof. Ursula Damm<\/p>\n<p>Artist Talk H\u00f6rner\/Antlfinger<br \/>\nBlau-Zimmer fuer Kunst, Hamburg<\/p>\n<p>2008<br \/>\n\u201cSofia Time Travel Experiment \u2013 Technologies of Imagination\u201d<br \/>\nAkademie der bildenden K\u00fcnste M\u00fcnchen<\/p>\n<p>\u201cDelegated Joy. The Online-Community Meditation-for-Avatars\u201d<br \/>\nKunststiftung Sachsen-Anhalt<\/p>\n<p>\u201cPietismus und Raumfahrt oder Alles was ich im Leben<br \/>\nwirklich brauche, habe ich von Star Trek gelernt\u201d<br \/>\nPlanetarische Perspektiven,<br \/>\nHochschule f\u00fcr Bildende K\u00fcnste Braunschweig<br \/>\nKonzeption und Realisation Prof. Dr. Annette Tietenberg<\/p>\n<p>2006<br \/>\n\u201cThe Self and the City\u201d, VISITING ARTISTS,<br \/>\nWerkleitz Gesellschaft Halle<\/p>\n<p>\u201cMensch-Mensch Kommunikationsbr\u00fccken und digitale<br \/>\nBewu\u00dftseinsstr\u00f6me\u201d, Kunsthalle D\u00fcsseldorf<\/p>\n<p>2005<br \/>\n\u201cElektronenstr\u00f6me\u201d, Videonale, Kunstmuseum Bonn<\/p>\n<p>\u201cMeet me at Infinity\u201d, Malkasten D\u00fcsseldorf<\/p>\n<p>\u201cExperten\u201d, B\u00f6rse des Wissens, Thalia-Theater, Halle<\/p>\n<p>2004<br \/>\n\u201cH\u00f6rner|Antlfinger\u201d Werkgespr\u00e4ch<br \/>\nKlasse Valie Export u. Ursula Damm,<br \/>\nKunsthochschule f\u00fcr Medien, K\u00f6ln<\/p>\n<p>\u201cH\u00f6rner|Antlfinger\u201d Werkgespr\u00e4ch,<br \/>\nOnomato-K\u00fcnstlerverein, D\u00fcsseldorf<\/p>\n<p>2003<br \/>\n\u201cH\u00f6rner|Antlfinger\u201d Werkgespr\u00e4ch, REACT<br \/>\ninternationales Studentenmedienkunstfestival, Heidelberg<\/p>\n<p>1999<br \/>\n\u201cMedien Neu?\u201d, Symposion an der FH Anhalt, Dessau<\/p>\n[\/vc_column_text][\/vc_column][\/vc_row]","protected":false},"excerpt":{"rendered":"<p>[vc_row][vc_column][vc_column_text] 2025 &#8220;Parrot Terristories&#8221; Lectures Series &#8220;relatifs&#8221;, Invited by Julia Grillmayer Kunstuniversit\u00e4t Linz 2024 Artist Talk Parrot People, A Multispecies&#8230;<\/p>\n","protected":false},"author":1,"featured_media":0,"parent":0,"menu_order":0,"comment_status":"open","ping_status":"open","template":"","meta":[],"_links":{"self":[{"href":"https:\/\/h--a.org\/en\/wp-json\/wp\/v2\/pages\/346"}],"collection":[{"href":"https:\/\/h--a.org\/en\/wp-json\/wp\/v2\/pages"}],"about":[{"href":"https:\/\/h--a.org\/en\/wp-json\/wp\/v2\/types\/page"}],"author":[{"embeddable":true,"href":"https:\/\/h--a.org\/en\/wp-json\/wp\/v2\/users\/1"}],"replies":[{"embeddable":true,"href":"https:\/\/h--a.org\/en\/wp-json\/wp\/v2\/comments?post=346"}],"version-history":[{"count":77,"href":"https:\/\/h--a.org\/en\/wp-json\/wp\/v2\/pages\/346\/revisions"}],"predecessor-version":[{"id":1670,"href":"https:\/\/h--a.org\/en\/wp-json\/wp\/v2\/pages\/346\/revisions\/1670"}],"wp:attachment":[{"href":"https:\/\/h--a.org\/en\/wp-json\/wp\/v2\/media?parent=346"}],"curies":[{"name":"wp","href":"https:\/\/api.w.org\/{rel}","templated":true}]}}